{"id":131205,"date":"2024-01-23T18:46:19","date_gmt":"2024-01-23T18:46:19","guid":{"rendered":"https:\/\/growylivieska.fi\/kestavan-kasvun-mahdollistaja\/"},"modified":"2025-05-12T08:35:39","modified_gmt":"2025-05-12T08:35:39","slug":"teollisuuspuisto","status":"publish","type":"page","link":"https:\/\/growylivieska.fi\/fi\/teollisuuspuisto\/","title":{"rendered":"Teollisuuspuisto"},"content":{"rendered":"<div class=\"wpb-content-wrapper\"><p>[vc_row row_height_percent=&#8221;70&#8243; override_padding=&#8221;yes&#8221; h_padding=&#8221;2&#8243; top_padding=&#8221;5&#8243; bottom_padding=&#8221;4&#8243; back_color=&#8221;color-wayh&#8221; back_image=&#8221;131338&#8243; parallax=&#8221;yes&#8221; overlay_color=&#8221;color-nhtu&#8221; overlay_alpha=&#8221;70&#8243; gutter_size=&#8221;3&#8243; column_width_percent=&#8221;100&#8243; shift_y=&#8221;0&#8243; z_index=&#8221;0&#8243; top_divider=&#8221;gradient&#8221; enable_bottom_divider=&#8221;default&#8221; bottom_divider=&#8221;step_3_4&#8243; shape_bottom_h_use_pixel=&#8221;&#8221; shape_bottom_height=&#8221;54&#8243; shape_bottom_color=&#8221;color-nhtu&#8221; shape_bottom_opacity=&#8221;100&#8243; shape_bottom_safe=&#8221;yes&#8221; shape_bottom_index=&#8221;0&#8243; content_parallax=&#8221;0&#8243; uncode_shortcode_id=&#8221;750741&#8243; back_color_type=&#8221;uncode-palette&#8221; overlay_color_type=&#8221;uncode-palette&#8221; shape_bottom_color_type=&#8221;uncode-palette&#8221;][vc_column column_width_percent=&#8221;100&#8243; position_vertical=&#8221;middle&#8221; align_horizontal=&#8221;align_center&#8221; gutter_size=&#8221;3&#8243; style=&#8221;dark&#8221; overlay_alpha=&#8221;50&#8243; shift_x=&#8221;0&#8243; shift_y=&#8221;0&#8243; shift_y_down=&#8221;0&#8243; z_index=&#8221;0&#8243; medium_width=&#8221;0&#8243; mobile_width=&#8221;0&#8243; css_animation=&#8221;left-t-right&#8221; animation_speed=&#8221;1000&#8243; animation_delay=&#8221;600&#8243; width=&#8221;1\/1&#8243;][vc_row_inner row_inner_height_percent=&#8221;0&#8243; overlay_alpha=&#8221;50&#8243; gutter_size=&#8221;4&#8243; shift_y=&#8221;0&#8243; z_index=&#8221;0&#8243; limit_content=&#8221;&#8221;][vc_column_inner column_width_percent=&#8221;100&#8243; gutter_size=&#8221;2&#8243; style=&#8221;dark&#8221; overlay_alpha=&#8221;50&#8243; shift_x=&#8221;0&#8243; shift_y=&#8221;0&#8243; shift_y_down=&#8221;0&#8243; z_index=&#8221;0&#8243; medium_width=&#8221;4&#8243; mobile_visibility=&#8221;yes&#8221; mobile_width=&#8221;0&#8243; width=&#8221;4\/12&#8243;][uncode_breadcrumbs text_lead=&#8221;yes&#8221;][\/vc_column_inner][vc_column_inner column_width_percent=&#8221;100&#8243; gutter_size=&#8221;3&#8243; style=&#8221;dark&#8221; overlay_alpha=&#8221;50&#8243; shift_x=&#8221;0&#8243; shift_y=&#8221;0&#8243; shift_y_down=&#8221;0&#8243; z_index=&#8221;0&#8243; medium_width=&#8221;4&#8243; mobile_width=&#8221;0&#8243; width=&#8221;8\/12&#8243; uncode_shortcode_id=&#8221;207104&#8243;][vc_custom_heading heading_semantic=&#8221;h1&#8243; text_size=&#8221;fontsize-155944&#8243; uncode_shortcode_id=&#8221;207390&#8243;]Etsinn\u00e4ss\u00e4 <u><span style=\"color: #24ff00;\">aidosti vihre\u00e4 <\/span><\/u>teollisuuspuisto?[\/vc_custom_heading][\/vc_column_inner][\/vc_row_inner][\/vc_column][\/vc_row][vc_row row_height_percent=&#8221;0&#8243; override_padding=&#8221;yes&#8221; h_padding=&#8221;2&#8243; top_padding=&#8221;5&#8243; bottom_padding=&#8221;5&#8243; back_color=&#8221;color-nhtu&#8221; overlay_alpha=&#8221;50&#8243; gutter_size=&#8221;4&#8243; column_width_percent=&#8221;100&#8243; shift_y=&#8221;0&#8243; z_index=&#8221;0&#8243; el_class=&#8221;inverted-device-order&#8221; uncode_shortcode_id=&#8221;176038&#8243; back_color_type=&#8221;uncode-palette&#8221;][vc_column column_width_percent=&#8221;100&#8243; position_horizontal=&#8221;left&#8221; position_vertical=&#8221;middle&#8221; gutter_size=&#8221;3&#8243; style=&#8221;dark&#8221; overlay_alpha=&#8221;50&#8243; shift_x=&#8221;0&#8243; shift_y=&#8221;0&#8243; shift_y_down=&#8221;0&#8243; z_index=&#8221;0&#8243; medium_width=&#8221;4&#8243; mobile_width=&#8221;0&#8243; width=&#8221;1\/2&#8243; uncode_shortcode_id=&#8221;211281&#8243;][vc_custom_heading text_color=&#8221;accent&#8221; heading_semantic=&#8221;h6&#8243; text_size=&#8221;fontsize-160000&#8243; text_transform=&#8221;uppercase&#8221; text_space=&#8221;fontspace-135905&#8243; uncode_shortcode_id=&#8221;784114&#8243; text_color_type=&#8221;uncode-palette&#8221;]Junnikankangas[\/vc_custom_heading][vc_custom_heading heading_semantic=&#8221;h3&#8243; text_size=&#8221;fontsize-155944&#8243; subheading=&#8221;Junnikankankaan teollisuuspuisto on uusi vihre\u00e4n teollisuuden yritysalue Ylivieskan kasvukeskuksessa. Visiomme on tehd\u00e4 Junnikankankaasta Euroopan moderneimpia teollisuuspuistoja &#8211; tarjoten ainutlaatuisia mahdollisuuksia vihre\u00e4st\u00e4 kasvusta kiinnostuneille yrityksille. Tarjoamme alueella toimiville yrityksille joustavasti kaavoitettuja tontteja, suorat yhteydet tie- ja rautatieverkostoon, vihre\u00e4\u00e4 energiaa ja jatkuvasti kehittyv\u00e4t ty\u00f6ntekij\u00e4markkinat. Junnikankankaalla toimintasi sijaitsee keskell\u00e4 Suomea ja Pohjoismaita &#8211; yhdell\u00e4 vihre\u00e4n kasvun vetovoimaisimmista keskittymist\u00e4.&#8221; uncode_shortcode_id=&#8221;137605&#8243;]Teollisuuspuisto[\/vc_custom_heading][vc_separator sep_color=&#8221;,Default&#8221;][vc_button outline=&#8221;yes&#8221; border_width=&#8221;0&#8243; link=&#8221;url:https%3A%2F%2Fylivieska.karttatiimi.fi%2F%3Flink%3D2AbS6D|target:_blank|&#8221; icon=&#8221;fa fa-external-link&#8221; uncode_shortcode_id=&#8221;109701&#8243;]Vapaat tontit (kartta)[\/vc_button][\/vc_column][vc_column column_width_percent=&#8221;100&#8243; position_vertical=&#8221;middle&#8221; gutter_size=&#8221;3&#8243; overlay_alpha=&#8221;50&#8243; shift_x=&#8221;0&#8243; shift_y=&#8221;0&#8243; shift_y_down=&#8221;0&#8243; z_index=&#8221;0&#8243; medium_width=&#8221;4&#8243; mobile_width=&#8221;0&#8243; width=&#8221;1\/2&#8243; el_class=&#8221;inverted-device-order&#8221; uncode_shortcode_id=&#8221;130531&#8243;][vc_single_image media=&#8221;117820&#8243; media_width_percent=&#8221;100&#8243; media_ratio=&#8221;one-one&#8221; uncode_shortcode_id=&#8221;342937&#8243;][\/vc_column][\/vc_row][vc_row row_height_percent=&#8221;0&#8243; override_padding=&#8221;yes&#8221; h_padding=&#8221;2&#8243; top_padding=&#8221;5&#8243; bottom_padding=&#8221;5&#8243; back_color=&#8221;color-nhtu&#8221; overlay_alpha=&#8221;50&#8243; gutter_size=&#8221;4&#8243; column_width_percent=&#8221;100&#8243; shift_y=&#8221;0&#8243; z_index=&#8221;0&#8243; el_class=&#8221;inverted-device-order&#8221; uncode_shortcode_id=&#8221;176038&#8243; back_color_type=&#8221;uncode-palette&#8221;][vc_column column_width_percent=&#8221;100&#8243; position_vertical=&#8221;middle&#8221; gutter_size=&#8221;3&#8243; overlay_alpha=&#8221;50&#8243; shift_x=&#8221;0&#8243; shift_y=&#8221;0&#8243; shift_y_down=&#8221;0&#8243; z_index=&#8221;0&#8243; medium_width=&#8221;4&#8243; mobile_width=&#8221;0&#8243; width=&#8221;1\/2&#8243; el_class=&#8221;inverted-device-order&#8221; uncode_shortcode_id=&#8221;130531&#8243;][vc_single_image media=&#8221;117836&#8243; media_width_percent=&#8221;100&#8243; media_ratio=&#8221;one-one&#8221; uncode_shortcode_id=&#8221;449646&#8243;][\/vc_column][vc_column column_width_percent=&#8221;100&#8243; position_horizontal=&#8221;left&#8221; position_vertical=&#8221;middle&#8221; gutter_size=&#8221;3&#8243; style=&#8221;dark&#8221; overlay_alpha=&#8221;50&#8243; shift_x=&#8221;0&#8243; shift_y=&#8221;0&#8243; shift_y_down=&#8221;0&#8243; z_index=&#8221;0&#8243; medium_width=&#8221;4&#8243; mobile_width=&#8221;0&#8243; width=&#8221;1\/2&#8243; uncode_shortcode_id=&#8221;211281&#8243;][vc_custom_heading text_color=&#8221;accent&#8221; heading_semantic=&#8221;h6&#8243; text_size=&#8221;fontsize-160000&#8243; text_transform=&#8221;uppercase&#8221; text_space=&#8221;fontspace-135905&#8243; uncode_shortcode_id=&#8221;167012&#8243; text_color_type=&#8221;uncode-palette&#8221;]Joustava kaava[\/vc_custom_heading][vc_custom_heading heading_semantic=&#8221;h3&#8243; text_size=&#8221;fontsize-155944&#8243; subheading=&#8221;Junnikankankaan alueen kaavoituksessa on huomioitu laajasti muunmuassa raskaan teollisuuden tarpeet. Tontit ovat muokattavissa tarpeidesi mukaan.&#8221; uncode_shortcode_id=&#8221;997070&#8243;]Tonttimme mukautuvat tarpeidesi mukaan[\/vc_custom_heading][vc_separator sep_color=&#8221;,Default&#8221;][vc_button outline=&#8221;yes&#8221; border_width=&#8221;0&#8243; link=&#8221;url:https%3A%2F%2Fylivieska.karttatiimi.fi%2F%3Flink%3D2AbS6D|target:_blank|&#8221; icon=&#8221;fa fa-external-link&#8221; uncode_shortcode_id=&#8221;109701&#8243;]Vapaat tontit (kartta)[\/vc_button][\/vc_column][\/vc_row][vc_row row_height_percent=&#8221;0&#8243; override_padding=&#8221;yes&#8221; h_padding=&#8221;2&#8243; top_padding=&#8221;5&#8243; bottom_padding=&#8221;5&#8243; back_color=&#8221;color-nhtu&#8221; overlay_alpha=&#8221;50&#8243; gutter_size=&#8221;4&#8243; column_width_percent=&#8221;100&#8243; shift_y=&#8221;0&#8243; z_index=&#8221;0&#8243; el_class=&#8221;inverted-device-order&#8221; uncode_shortcode_id=&#8221;176038&#8243; back_color_type=&#8221;uncode-palette&#8221;][vc_column column_width_percent=&#8221;100&#8243; position_horizontal=&#8221;left&#8221; position_vertical=&#8221;middle&#8221; gutter_size=&#8221;3&#8243; style=&#8221;dark&#8221; overlay_alpha=&#8221;50&#8243; shift_x=&#8221;0&#8243; shift_y=&#8221;0&#8243; shift_y_down=&#8221;0&#8243; z_index=&#8221;0&#8243; medium_width=&#8221;4&#8243; mobile_width=&#8221;0&#8243; width=&#8221;1\/2&#8243; uncode_shortcode_id=&#8221;211281&#8243;][vc_custom_heading text_color=&#8221;accent&#8221; heading_semantic=&#8221;h6&#8243; text_size=&#8221;fontsize-160000&#8243; text_transform=&#8221;uppercase&#8221; text_space=&#8221;fontspace-135905&#8243; uncode_shortcode_id=&#8221;584117&#8243; text_color_type=&#8221;uncode-palette&#8221;]Ly\u00f6m\u00e4t\u00f6n sijainti[\/vc_custom_heading][vc_custom_heading heading_semantic=&#8221;h3&#8243; text_size=&#8221;fontsize-155944&#8243; subheading=&#8221;Junnikankankaalla toimintasi sijaitsee keskell\u00e4 Suomea ja Pohjoismaita &#8211; yhdell\u00e4 vihre\u00e4n kasvun vetovoimaisimmista keskittymist\u00e4. Luotettavat rautatie-, maantie- ja satamayhteydet tarjoavat paljon mahdollisuuksia tehokkasta logistiikasta hy\u00f6tyville yrityksille.&#8221; uncode_shortcode_id=&#8221;139672&#8243;]Keskell\u00e4 Suomea ja Pohjoismaita[\/vc_custom_heading][vc_separator sep_color=&#8221;,Default&#8221;][vc_button outline=&#8221;yes&#8221; border_width=&#8221;0&#8243; link=&#8221;url:https%3A%2F%2Fylivieska.karttatiimi.fi%2F%3Flink%3D2AbS6D|target:_blank|&#8221; icon=&#8221;fa fa-external-link&#8221; uncode_shortcode_id=&#8221;109701&#8243;]Vapaat tontit (kartta)[\/vc_button][\/vc_column][vc_column column_width_percent=&#8221;100&#8243; position_vertical=&#8221;middle&#8221; gutter_size=&#8221;3&#8243; overlay_alpha=&#8221;50&#8243; shift_x=&#8221;0&#8243; shift_y=&#8221;0&#8243; shift_y_down=&#8221;0&#8243; z_index=&#8221;0&#8243; medium_width=&#8221;4&#8243; mobile_width=&#8221;0&#8243; width=&#8221;1\/2&#8243; el_class=&#8221;inverted-device-order&#8221; uncode_shortcode_id=&#8221;130531&#8243;][vc_single_image media=&#8221;130732&#8243; media_width_percent=&#8221;100&#8243; media_ratio=&#8221;one-one&#8221; uncode_shortcode_id=&#8221;172156&#8243;][\/vc_column][\/vc_row][vc_row row_height_percent=&#8221;0&#8243; override_padding=&#8221;yes&#8221; h_padding=&#8221;2&#8243; top_padding=&#8221;4&#8243; bottom_padding=&#8221;4&#8243; back_color=&#8221;color-nhtu&#8221; overlay_alpha=&#8221;50&#8243; gutter_size=&#8221;3&#8243; column_width_percent=&#8221;100&#8243; shift_y=&#8221;0&#8243; z_index=&#8221;1&#8243; top_divider=&#8221;gradient&#8221; bottom_divider=&#8221;gradient&#8221; desktop_visibility=&#8221;yes&#8221; medium_visibility=&#8221;yes&#8221; mobile_visibility=&#8221;yes&#8221; uncode_shortcode_id=&#8221;590055&#8243; back_color_type=&#8221;uncode-palette&#8221;][vc_column column_width_percent=&#8221;100&#8243; gutter_size=&#8221;4&#8243; style=&#8221;dark&#8221; overlay_alpha=&#8221;50&#8243; shift_x=&#8221;0&#8243; shift_y=&#8221;0&#8243; shift_y_down=&#8221;0&#8243; z_index=&#8221;0&#8243; medium_width=&#8221;0&#8243; mobile_width=&#8221;0&#8243; width=&#8221;1\/1&#8243; uncode_shortcode_id=&#8221;110038&#8243;][vc_custom_heading heading_semantic=&#8221;h3&#8243; text_size=&#8221;fontsize-155944&#8243; uncode_shortcode_id=&#8221;946545&#8243;]<span style=\"color: #24ff00;\">6 syyt\u00e4<\/span> innostua[\/vc_custom_heading][vc_row_inner row_inner_height_percent=&#8221;0&#8243; overlay_alpha=&#8221;50&#8243; equal_height=&#8221;yes&#8221; gutter_size=&#8221;4&#8243; shift_y=&#8221;0&#8243; z_index=&#8221;0&#8243; limit_content=&#8221;&#8221;][vc_column_inner column_width_percent=&#8221;100&#8243; gutter_size=&#8221;3&#8243; style=&#8221;dark&#8221; overlay_alpha=&#8221;50&#8243; radius=&#8221;sm&#8221; shift_x=&#8221;0&#8243; shift_y=&#8221;0&#8243; shift_y_down=&#8221;0&#8243; z_index=&#8221;0&#8243; medium_width=&#8221;3&#8243; mobile_width=&#8221;0&#8243; width=&#8221;1\/3&#8243; uncode_shortcode_id=&#8221;124575&#8243;][vc_icon position=&#8221;left&#8221; icon=&#8221;fa fa-adjustments&#8221; icon_image=&#8221;117900&#8243; icon_color=&#8221;accent&#8221; text_size=&#8221;h4&#8243; title=&#8221;Edullista ja vihre\u00e4\u00e4 energiaa&#8221; link=&#8221;|||&#8221; uncode_shortcode_id=&#8221;348617&#8243; icon_color_type=&#8221;uncode-palette&#8221;][\/vc_icon][\/vc_column_inner][vc_column_inner column_width_percent=&#8221;100&#8243; gutter_size=&#8221;3&#8243; style=&#8221;dark&#8221; overlay_alpha=&#8221;50&#8243; radius=&#8221;sm&#8221; shift_x=&#8221;0&#8243; shift_y=&#8221;0&#8243; shift_y_down=&#8221;0&#8243; z_index=&#8221;0&#8243; medium_width=&#8221;3&#8243; mobile_width=&#8221;0&#8243; width=&#8221;1\/3&#8243; uncode_shortcode_id=&#8221;187580&#8243;][vc_icon position=&#8221;left&#8221; icon=&#8221;fa fa-flag2&#8243; icon_image=&#8221;117901&#8243; icon_color=&#8221;accent&#8221; text_size=&#8221;h4&#8243; title=&#8221;Kiertotalouden arvoketju&#8221; link=&#8221;|||&#8221; uncode_shortcode_id=&#8221;696967&#8243; icon_color_type=&#8221;uncode-palette&#8221;][\/vc_icon][\/vc_column_inner][vc_column_inner column_width_percent=&#8221;100&#8243; gutter_size=&#8221;3&#8243; style=&#8221;dark&#8221; overlay_alpha=&#8221;50&#8243; radius=&#8221;sm&#8221; shift_x=&#8221;0&#8243; shift_y=&#8221;0&#8243; shift_y_down=&#8221;0&#8243; z_index=&#8221;0&#8243; medium_width=&#8221;3&#8243; mobile_width=&#8221;0&#8243; width=&#8221;1\/3&#8243; link_to=&#8221;|||&#8221; uncode_shortcode_id=&#8221;589107&#8243;][vc_icon position=&#8221;left&#8221; icon=&#8221;fa fa-trophy2&#8243; icon_image=&#8221;117902&#8243; icon_color=&#8221;accent&#8221; text_size=&#8221;h4&#8243; title=&#8221;TKI-toimintaa ja vihre\u00e4n energian hankkeita&#8221; link=&#8221;|||&#8221; uncode_shortcode_id=&#8221;449794&#8243; icon_color_type=&#8221;uncode-palette&#8221;][\/vc_icon][\/vc_column_inner][\/vc_row_inner][vc_row_inner row_inner_height_percent=&#8221;0&#8243; overlay_alpha=&#8221;50&#8243; equal_height=&#8221;yes&#8221; gutter_size=&#8221;4&#8243; shift_y=&#8221;0&#8243; z_index=&#8221;0&#8243; limit_content=&#8221;&#8221;][vc_column_inner column_width_percent=&#8221;100&#8243; gutter_size=&#8221;3&#8243; style=&#8221;dark&#8221; overlay_alpha=&#8221;50&#8243; radius=&#8221;sm&#8221; shift_x=&#8221;0&#8243; shift_y=&#8221;0&#8243; shift_y_down=&#8221;0&#8243; z_index=&#8221;0&#8243; medium_width=&#8221;3&#8243; mobile_width=&#8221;0&#8243; width=&#8221;1\/3&#8243; uncode_shortcode_id=&#8221;724571&#8243;][vc_icon position=&#8221;left&#8221; icon=&#8221;fa fa-globe2&#8243; icon_image=&#8221;117903&#8243; icon_color=&#8221;accent&#8221; text_size=&#8221;h4&#8243; title=&#8221;Erinomaiset ty\u00f6markkinat&#8221; link=&#8221;|||&#8221; uncode_shortcode_id=&#8221;161447&#8243; icon_color_type=&#8221;uncode-palette&#8221;][\/vc_icon][\/vc_column_inner][vc_column_inner column_width_percent=&#8221;100&#8243; gutter_size=&#8221;3&#8243; style=&#8221;dark&#8221; overlay_alpha=&#8221;50&#8243; radius=&#8221;sm&#8221; shift_x=&#8221;0&#8243; shift_y=&#8221;0&#8243; shift_y_down=&#8221;0&#8243; z_index=&#8221;0&#8243; medium_width=&#8221;3&#8243; mobile_width=&#8221;0&#8243; width=&#8221;1\/3&#8243; uncode_shortcode_id=&#8221;275728&#8243;][vc_icon position=&#8221;left&#8221; icon=&#8221;fa fa-beaker&#8221; icon_image=&#8221;117904&#8243; icon_color=&#8221;accent&#8221; text_size=&#8221;h4&#8243; title=&#8221;Vihre\u00e4n kasvun ekosysteemi&#8221; link=&#8221;|||&#8221; uncode_shortcode_id=&#8221;143794&#8243; icon_color_type=&#8221;uncode-palette&#8221;][\/vc_icon][\/vc_column_inner][vc_column_inner column_width_percent=&#8221;100&#8243; gutter_size=&#8221;3&#8243; style=&#8221;dark&#8221; overlay_alpha=&#8221;50&#8243; radius=&#8221;sm&#8221; shift_x=&#8221;0&#8243; shift_y=&#8221;0&#8243; shift_y_down=&#8221;0&#8243; z_index=&#8221;0&#8243; medium_width=&#8221;3&#8243; mobile_width=&#8221;0&#8243; width=&#8221;1\/3&#8243; link_to=&#8221;|||&#8221; uncode_shortcode_id=&#8221;779154&#8243;][vc_icon position=&#8221;left&#8221; icon=&#8221;fa fa-global&#8221; icon_image=&#8221;117905&#8243; icon_color=&#8221;accent&#8221; text_size=&#8221;h4&#8243; title=&#8221;Yritysmy\u00f6nteinen kaupunki&#8221; link=&#8221;|||&#8221; uncode_shortcode_id=&#8221;535266&#8243; icon_color_type=&#8221;uncode-palette&#8221;][\/vc_icon][\/vc_column_inner][\/vc_row_inner][\/vc_column][\/vc_row][vc_row][vc_column width=&#8221;1\/1&#8243;][uncode_block id=&#8221;130713&#8243;][\/vc_column][\/vc_row][vc_row][vc_column width=&#8221;1\/1&#8243;][uncode_block id=&#8221;130672&#8243;][\/vc_column][\/vc_row]<\/p>\n<\/div>","protected":false},"excerpt":{"rendered":"<p>[vc_row row_height_percent=&#8221;70&#8243; override_padding=&#8221;yes&#8221; h_padding=&#8221;2&#8243; top_padding=&#8221;5&#8243; bottom_padding=&#8221;4&#8243; back_color=&#8221;color-wayh&#8221; back_image=&#8221;131338&#8243; parallax=&#8221;yes&#8221; overlay_color=&#8221;color-nhtu&#8221; overlay_alpha=&#8221;70&#8243; gutter_size=&#8221;3&#8243; column_width_percent=&#8221;100&#8243; shift_y=&#8221;0&#8243; z_index=&#8221;0&#8243; top_divider=&#8221;gradient&#8221; enable_bottom_divider=&#8221;default&#8221; bottom_divider=&#8221;step_3_4&#8243; shape_bottom_h_use_pixel=&#8221;&#8221; shape_bottom_height=&#8221;54&#8243; [&hellip;]<\/p>\n","protected":false},"author":1,"featured_media":0,"parent":0,"menu_order":0,"comment_status":"closed","ping_status":"closed","template":"","meta":{"footnotes":""},"class_list":["post-131205","page","type-page","status-publish","hentry"],"yoast_head":"<!-- This site is optimized with the Yoast SEO plugin v27.5 - https:\/\/yoast.com\/product\/yoast-seo-wordpress\/ -->\n<title>Teollisuuspuisto - Grow Ylivieska - Nordic Hub for Green Growth<\/title>\n<meta name=\"robots\" content=\"index, follow, max-snippet:-1, max-image-preview:large, max-video-preview:-1\" \/>\n<link rel=\"canonical\" href=\"https:\/\/growylivieska.fi\/fi\/teollisuuspuisto\/\" \/>\n<meta property=\"og:locale\" content=\"fi_FI\" \/>\n<meta property=\"og:type\" content=\"article\" \/>\n<meta property=\"og:title\" content=\"Teollisuuspuisto - Grow Ylivieska - Nordic Hub for Green Growth\" \/>\n<meta property=\"og:description\" content=\"[vc_row row_height_percent=&#8221;70&#8243; override_padding=&#8221;yes&#8221; h_padding=&#8221;2&#8243; top_padding=&#8221;5&#8243; bottom_padding=&#8221;4&#8243; back_color=&#8221;color-wayh&#8221; back_image=&#8221;131338&#8243; parallax=&#8221;yes&#8221; overlay_color=&#8221;color-nhtu&#8221; overlay_alpha=&#8221;70&#8243; gutter_size=&#8221;3&#8243; column_width_percent=&#8221;100&#8243; shift_y=&#8221;0&#8243; z_index=&#8221;0&#8243; top_divider=&#8221;gradient&#8221; enable_bottom_divider=&#8221;default&#8221; bottom_divider=&#8221;step_3_4&#8243; shape_bottom_h_use_pixel=&#8221;&#8221; shape_bottom_height=&#8221;54&#8243; [&hellip;]\" \/>\n<meta property=\"og:url\" content=\"https:\/\/growylivieska.fi\/fi\/teollisuuspuisto\/\" \/>\n<meta property=\"og:site_name\" content=\"Grow Ylivieska - Nordic Hub for Green Growth\" \/>\n<meta property=\"article:modified_time\" content=\"2025-05-12T08:35:39+00:00\" \/>\n<meta property=\"og:image\" content=\"https:\/\/growylivieska.fi\/wp-content\/uploads\/2024\/01\/Junnikangas-3D-malli-uusin-1024x576.jpg\" \/>\n\t<meta property=\"og:image:width\" content=\"1024\" \/>\n\t<meta property=\"og:image:height\" content=\"576\" \/>\n\t<meta property=\"og:image:type\" content=\"image\/jpeg\" \/>\n<meta name=\"twitter:card\" content=\"summary_large_image\" \/>\n<meta name=\"twitter:label1\" content=\"Arvioitu lukuaika\" \/>\n\t<meta name=\"twitter:data1\" content=\"8 minuuttia\" \/>\n<script type=\"application\/ld+json\" class=\"yoast-schema-graph\">{\"@context\":\"https:\\\/\\\/schema.org\",\"@graph\":[{\"@type\":\"WebPage\",\"@id\":\"https:\\\/\\\/growylivieska.fi\\\/fi\\\/teollisuuspuisto\\\/\",\"url\":\"https:\\\/\\\/growylivieska.fi\\\/fi\\\/teollisuuspuisto\\\/\",\"name\":\"Teollisuuspuisto - Grow Ylivieska - Nordic Hub for Green Growth\",\"isPartOf\":{\"@id\":\"https:\\\/\\\/growylivieska.fi\\\/#website\"},\"datePublished\":\"2024-01-23T18:46:19+00:00\",\"dateModified\":\"2025-05-12T08:35:39+00:00\",\"breadcrumb\":{\"@id\":\"https:\\\/\\\/growylivieska.fi\\\/fi\\\/teollisuuspuisto\\\/#breadcrumb\"},\"inLanguage\":\"fi\",\"potentialAction\":[{\"@type\":\"ReadAction\",\"target\":[\"https:\\\/\\\/growylivieska.fi\\\/fi\\\/teollisuuspuisto\\\/\"]}]},{\"@type\":\"BreadcrumbList\",\"@id\":\"https:\\\/\\\/growylivieska.fi\\\/fi\\\/teollisuuspuisto\\\/#breadcrumb\",\"itemListElement\":[{\"@type\":\"ListItem\",\"position\":1,\"name\":\"Etusivu\",\"item\":\"https:\\\/\\\/growylivieska.fi\\\/fi\\\/junnikankankaan-teollisuuspuisto\\\/\"},{\"@type\":\"ListItem\",\"position\":2,\"name\":\"Teollisuuspuisto\"}]},{\"@type\":\"WebSite\",\"@id\":\"https:\\\/\\\/growylivieska.fi\\\/#website\",\"url\":\"https:\\\/\\\/growylivieska.fi\\\/\",\"name\":\"Grow Ylivieska - Nordic Hub for Green Growth\",\"description\":\"Unlock Growth in Ylivieska\",\"publisher\":{\"@id\":\"https:\\\/\\\/growylivieska.fi\\\/#organization\"},\"alternateName\":\"growylivieska.fi\",\"potentialAction\":[{\"@type\":\"SearchAction\",\"target\":{\"@type\":\"EntryPoint\",\"urlTemplate\":\"https:\\\/\\\/growylivieska.fi\\\/?s={search_term_string}\"},\"query-input\":{\"@type\":\"PropertyValueSpecification\",\"valueRequired\":true,\"valueName\":\"search_term_string\"}}],\"inLanguage\":\"fi\"},{\"@type\":\"Organization\",\"@id\":\"https:\\\/\\\/growylivieska.fi\\\/#organization\",\"name\":\"Ylivieska\",\"url\":\"https:\\\/\\\/growylivieska.fi\\\/\",\"logo\":{\"@type\":\"ImageObject\",\"inLanguage\":\"fi\",\"@id\":\"https:\\\/\\\/growylivieska.fi\\\/#\\\/schema\\\/logo\\\/image\\\/\",\"url\":\"https:\\\/\\\/growylivieska.fi\\\/wp-content\\\/uploads\\\/2023\\\/09\\\/JK_fav.png\",\"contentUrl\":\"https:\\\/\\\/growylivieska.fi\\\/wp-content\\\/uploads\\\/2023\\\/09\\\/JK_fav.png\",\"width\":600,\"height\":600,\"caption\":\"Ylivieska\"},\"image\":{\"@id\":\"https:\\\/\\\/growylivieska.fi\\\/#\\\/schema\\\/logo\\\/image\\\/\"}}]}<\/script>\n<!-- \/ Yoast SEO plugin. -->","yoast_head_json":{"title":"Teollisuuspuisto - Grow Ylivieska - Nordic Hub for Green Growth","robots":{"index":"index","follow":"follow","max-snippet":"max-snippet:-1","max-image-preview":"max-image-preview:large","max-video-preview":"max-video-preview:-1"},"canonical":"https:\/\/growylivieska.fi\/fi\/teollisuuspuisto\/","og_locale":"fi_FI","og_type":"article","og_title":"Teollisuuspuisto - Grow Ylivieska - Nordic Hub for Green Growth","og_description":"[vc_row row_height_percent=&#8221;70&#8243; override_padding=&#8221;yes&#8221; h_padding=&#8221;2&#8243; top_padding=&#8221;5&#8243; bottom_padding=&#8221;4&#8243; back_color=&#8221;color-wayh&#8221; back_image=&#8221;131338&#8243; parallax=&#8221;yes&#8221; overlay_color=&#8221;color-nhtu&#8221; overlay_alpha=&#8221;70&#8243; gutter_size=&#8221;3&#8243; column_width_percent=&#8221;100&#8243; shift_y=&#8221;0&#8243; z_index=&#8221;0&#8243; top_divider=&#8221;gradient&#8221; enable_bottom_divider=&#8221;default&#8221; bottom_divider=&#8221;step_3_4&#8243; shape_bottom_h_use_pixel=&#8221;&#8221; shape_bottom_height=&#8221;54&#8243; [&hellip;]","og_url":"https:\/\/growylivieska.fi\/fi\/teollisuuspuisto\/","og_site_name":"Grow Ylivieska - Nordic Hub for Green Growth","article_modified_time":"2025-05-12T08:35:39+00:00","og_image":[{"width":1024,"height":576,"url":"https:\/\/growylivieska.fi\/wp-content\/uploads\/2024\/01\/Junnikangas-3D-malli-uusin-1024x576.jpg","type":"image\/jpeg"}],"twitter_card":"summary_large_image","twitter_misc":{"Arvioitu lukuaika":"8 minuuttia"},"schema":{"@context":"https:\/\/schema.org","@graph":[{"@type":"WebPage","@id":"https:\/\/growylivieska.fi\/fi\/teollisuuspuisto\/","url":"https:\/\/growylivieska.fi\/fi\/teollisuuspuisto\/","name":"Teollisuuspuisto - Grow Ylivieska - Nordic Hub for Green Growth","isPartOf":{"@id":"https:\/\/growylivieska.fi\/#website"},"datePublished":"2024-01-23T18:46:19+00:00","dateModified":"2025-05-12T08:35:39+00:00","breadcrumb":{"@id":"https:\/\/growylivieska.fi\/fi\/teollisuuspuisto\/#breadcrumb"},"inLanguage":"fi","potentialAction":[{"@type":"ReadAction","target":["https:\/\/growylivieska.fi\/fi\/teollisuuspuisto\/"]}]},{"@type":"BreadcrumbList","@id":"https:\/\/growylivieska.fi\/fi\/teollisuuspuisto\/#breadcrumb","itemListElement":[{"@type":"ListItem","position":1,"name":"Etusivu","item":"https:\/\/growylivieska.fi\/fi\/junnikankankaan-teollisuuspuisto\/"},{"@type":"ListItem","position":2,"name":"Teollisuuspuisto"}]},{"@type":"WebSite","@id":"https:\/\/growylivieska.fi\/#website","url":"https:\/\/growylivieska.fi\/","name":"Grow Ylivieska - Nordic Hub for Green Growth","description":"Unlock Growth in Ylivieska","publisher":{"@id":"https:\/\/growylivieska.fi\/#organization"},"alternateName":"growylivieska.fi","potentialAction":[{"@type":"SearchAction","target":{"@type":"EntryPoint","urlTemplate":"https:\/\/growylivieska.fi\/?s={search_term_string}"},"query-input":{"@type":"PropertyValueSpecification","valueRequired":true,"valueName":"search_term_string"}}],"inLanguage":"fi"},{"@type":"Organization","@id":"https:\/\/growylivieska.fi\/#organization","name":"Ylivieska","url":"https:\/\/growylivieska.fi\/","logo":{"@type":"ImageObject","inLanguage":"fi","@id":"https:\/\/growylivieska.fi\/#\/schema\/logo\/image\/","url":"https:\/\/growylivieska.fi\/wp-content\/uploads\/2023\/09\/JK_fav.png","contentUrl":"https:\/\/growylivieska.fi\/wp-content\/uploads\/2023\/09\/JK_fav.png","width":600,"height":600,"caption":"Ylivieska"},"image":{"@id":"https:\/\/growylivieska.fi\/#\/schema\/logo\/image\/"}}]}},"_links":{"self":[{"href":"https:\/\/growylivieska.fi\/fi\/wp-json\/wp\/v2\/pages\/131205","targetHints":{"allow":["GET"]}}],"collection":[{"href":"https:\/\/growylivieska.fi\/fi\/wp-json\/wp\/v2\/pages"}],"about":[{"href":"https:\/\/growylivieska.fi\/fi\/wp-json\/wp\/v2\/types\/page"}],"author":[{"embeddable":true,"href":"https:\/\/growylivieska.fi\/fi\/wp-json\/wp\/v2\/users\/1"}],"replies":[{"embeddable":true,"href":"https:\/\/growylivieska.fi\/fi\/wp-json\/wp\/v2\/comments?post=131205"}],"version-history":[{"count":29,"href":"https:\/\/growylivieska.fi\/fi\/wp-json\/wp\/v2\/pages\/131205\/revisions"}],"predecessor-version":[{"id":131380,"href":"https:\/\/growylivieska.fi\/fi\/wp-json\/wp\/v2\/pages\/131205\/revisions\/131380"}],"wp:attachment":[{"href":"https:\/\/growylivieska.fi\/fi\/wp-json\/wp\/v2\/media?parent=131205"}],"curies":[{"name":"wp","href":"https:\/\/api.w.org\/{rel}","templated":true}]}}