{"id":131199,"date":"2023-08-25T12:00:39","date_gmt":"2023-08-25T12:00:39","guid":{"rendered":"https:\/\/growylivieska.fi\/kasvumahdollisuudet\/"},"modified":"2025-04-24T06:14:14","modified_gmt":"2025-04-24T06:14:14","slug":"kasvumahdollisuudet","status":"publish","type":"page","link":"https:\/\/growylivieska.fi\/fi\/kasvumahdollisuudet\/","title":{"rendered":"Kasvumahdollisuudet"},"content":{"rendered":"<div class=\"wpb-content-wrapper\"><p>[vc_row row_height_percent=&#8221;70&#8243; override_padding=&#8221;yes&#8221; h_padding=&#8221;2&#8243; top_padding=&#8221;5&#8243; bottom_padding=&#8221;4&#8243; back_color=&#8221;color-wayh&#8221; back_image=&#8221;117822&#8243; parallax=&#8221;yes&#8221; overlay_color=&#8221;color-nhtu&#8221; overlay_alpha=&#8221;70&#8243; gutter_size=&#8221;3&#8243; column_width_percent=&#8221;100&#8243; shift_y=&#8221;0&#8243; z_index=&#8221;0&#8243; top_divider=&#8221;gradient&#8221; enable_bottom_divider=&#8221;default&#8221; bottom_divider=&#8221;step_3_4&#8243; shape_bottom_h_use_pixel=&#8221;&#8221; shape_bottom_height=&#8221;54&#8243; shape_bottom_color=&#8221;color-nhtu&#8221; shape_bottom_opacity=&#8221;100&#8243; shape_bottom_safe=&#8221;yes&#8221; shape_bottom_index=&#8221;0&#8243; uncode_shortcode_id=&#8221;170816&#8243; back_color_type=&#8221;uncode-palette&#8221; overlay_color_type=&#8221;uncode-palette&#8221; shape_bottom_color_type=&#8221;uncode-palette&#8221;][vc_column column_width_percent=&#8221;100&#8243; position_vertical=&#8221;middle&#8221; align_horizontal=&#8221;align_center&#8221; gutter_size=&#8221;3&#8243; style=&#8221;dark&#8221; overlay_alpha=&#8221;50&#8243; shift_x=&#8221;0&#8243; shift_y=&#8221;0&#8243; shift_y_down=&#8221;0&#8243; z_index=&#8221;0&#8243; medium_width=&#8221;0&#8243; mobile_width=&#8221;0&#8243; css_animation=&#8221;left-t-right&#8221; animation_speed=&#8221;1000&#8243; animation_delay=&#8221;600&#8243; width=&#8221;1\/1&#8243;][vc_row_inner row_inner_height_percent=&#8221;0&#8243; overlay_alpha=&#8221;50&#8243; gutter_size=&#8221;4&#8243; shift_y=&#8221;0&#8243; z_index=&#8221;0&#8243; limit_content=&#8221;&#8221;][vc_column_inner column_width_percent=&#8221;100&#8243; gutter_size=&#8221;2&#8243; style=&#8221;dark&#8221; overlay_alpha=&#8221;50&#8243; shift_x=&#8221;0&#8243; shift_y=&#8221;0&#8243; shift_y_down=&#8221;0&#8243; z_index=&#8221;0&#8243; medium_width=&#8221;4&#8243; mobile_visibility=&#8221;yes&#8221; mobile_width=&#8221;0&#8243; width=&#8221;4\/12&#8243;][uncode_breadcrumbs text_lead=&#8221;yes&#8221;][\/vc_column_inner][vc_column_inner column_width_percent=&#8221;100&#8243; gutter_size=&#8221;3&#8243; style=&#8221;dark&#8221; overlay_alpha=&#8221;50&#8243; shift_x=&#8221;0&#8243; shift_y=&#8221;0&#8243; shift_y_down=&#8221;0&#8243; z_index=&#8221;0&#8243; medium_width=&#8221;4&#8243; mobile_width=&#8221;0&#8243; width=&#8221;8\/12&#8243; uncode_shortcode_id=&#8221;207104&#8243;][vc_custom_heading heading_semantic=&#8221;h3&#8243; text_size=&#8221;fontsize-155944&#8243; uncode_shortcode_id=&#8221;131508&#8243;]<u><span style=\"color: #24ff00;\">Vihre\u00e4n kasvun mahdollistaja.<\/span><\/u><br \/>\nJunnikankangas on t\u00e4ynn\u00e4 mahdollisuuksia.[\/vc_custom_heading][\/vc_column_inner][\/vc_row_inner][\/vc_column][\/vc_row][vc_row row_height_percent=&#8221;0&#8243; override_padding=&#8221;yes&#8221; h_padding=&#8221;2&#8243; top_padding=&#8221;5&#8243; bottom_padding=&#8221;5&#8243; back_color=&#8221;color-nhtu&#8221; overlay_alpha=&#8221;50&#8243; gutter_size=&#8221;4&#8243; column_width_percent=&#8221;100&#8243; shift_y=&#8221;0&#8243; z_index=&#8221;0&#8243; el_class=&#8221;inverted-device-order&#8221; uncode_shortcode_id=&#8221;176038&#8243; back_color_type=&#8221;uncode-palette&#8221;][vc_column column_width_percent=&#8221;100&#8243; position_horizontal=&#8221;left&#8221; position_vertical=&#8221;middle&#8221; gutter_size=&#8221;3&#8243; style=&#8221;dark&#8221; overlay_alpha=&#8221;50&#8243; shift_x=&#8221;0&#8243; shift_y=&#8221;0&#8243; shift_y_down=&#8221;0&#8243; z_index=&#8221;0&#8243; medium_width=&#8221;4&#8243; mobile_width=&#8221;0&#8243; width=&#8221;1\/2&#8243; uncode_shortcode_id=&#8221;211281&#8243;][vc_custom_heading heading_semantic=&#8221;h3&#8243; text_size=&#8221;fontsize-155944&#8243; subheading=&#8221;Tulevaisuus on vihre\u00e4. Junnikankankaan teollisuuspuiston tavoite on olla paras vaihtoehto kasvuhakuisille akku- ja raskaan teollisuuden toimijoille. Erinomainen sijainti, joustava kaava, suora p\u00e4\u00e4sy kiertotalouden arvoketjuun ja TKI yhteisty\u00f6 paikallisten koulutuslaitosten kanssa avaavat alueen teollisuustoimijoille ainutlaatuisia kehitysmahdollisuuksia.&#8221; uncode_shortcode_id=&#8221;815986&#8243;]Akku- &amp; raskas teollisuus[\/vc_custom_heading][vc_separator sep_color=&#8221;,Default&#8221;][vc_empty_space empty_h=&#8221;2&#8243;][vc_button outline=&#8221;yes&#8221; border_width=&#8221;0&#8243; display=&#8221;inline&#8221; link=&#8221;url:https%3A%2F%2Fgrowylivieska.fi%2Ffi%2Fkasvumahdollisuudet%2Fakku-raskas-teollisuus%2F|title:Akku-%20%26amp%3B%20raskas%20teollisuus|&#8221; icon=&#8221;fa fa-external-link&#8221; uncode_shortcode_id=&#8221;460685&#8243;]Lue lis\u00e4\u00e4[\/vc_button][vc_button border_width=&#8221;0&#8243; display=&#8221;inline&#8221; link=&#8221;url:https%3A%2F%2Fylivieska.karttatiimi.fi%2F%3Flink%3D2AbS6D|target:_blank|&#8221; icon=&#8221;fa fa-external-link&#8221; uncode_shortcode_id=&#8221;977637&#8243;]Vapaat tontit (kartta)[\/vc_button][\/vc_column][vc_column column_width_percent=&#8221;100&#8243; position_vertical=&#8221;middle&#8221; gutter_size=&#8221;3&#8243; overlay_alpha=&#8221;50&#8243; shift_x=&#8221;0&#8243; shift_y=&#8221;0&#8243; shift_y_down=&#8221;0&#8243; z_index=&#8221;0&#8243; medium_width=&#8221;4&#8243; mobile_width=&#8221;0&#8243; width=&#8221;1\/2&#8243; el_class=&#8221;inverted-device-order&#8221; uncode_shortcode_id=&#8221;130531&#8243;][vc_single_image media=&#8221;131338&#8243; media_width_percent=&#8221;100&#8243; media_ratio=&#8221;one-one&#8221; uncode_shortcode_id=&#8221;176890&#8243;][\/vc_column][\/vc_row][vc_row row_height_percent=&#8221;0&#8243; override_padding=&#8221;yes&#8221; h_padding=&#8221;2&#8243; top_padding=&#8221;5&#8243; bottom_padding=&#8221;5&#8243; back_color=&#8221;color-nhtu&#8221; overlay_alpha=&#8221;50&#8243; gutter_size=&#8221;4&#8243; column_width_percent=&#8221;100&#8243; shift_y=&#8221;0&#8243; z_index=&#8221;0&#8243; content_parallax=&#8221;0&#8243; uncode_shortcode_id=&#8221;125277&#8243; back_color_type=&#8221;uncode-palette&#8221;][vc_column column_width_percent=&#8221;100&#8243; position_vertical=&#8221;middle&#8221; gutter_size=&#8221;3&#8243; overlay_alpha=&#8221;50&#8243; shift_x=&#8221;0&#8243; shift_y=&#8221;0&#8243; shift_y_down=&#8221;0&#8243; z_index=&#8221;0&#8243; medium_width=&#8221;4&#8243; mobile_width=&#8221;0&#8243; width=&#8221;1\/2&#8243; el_class=&#8221;inverted-device-order&#8221; uncode_shortcode_id=&#8221;130531&#8243;][vc_single_image media=&#8221;131340&#8243; media_width_percent=&#8221;100&#8243; media_ratio=&#8221;one-one&#8221; uncode_shortcode_id=&#8221;151353&#8243;][\/vc_column][vc_column column_width_percent=&#8221;100&#8243; position_horizontal=&#8221;left&#8221; position_vertical=&#8221;middle&#8221; gutter_size=&#8221;3&#8243; style=&#8221;dark&#8221; overlay_alpha=&#8221;50&#8243; shift_x=&#8221;0&#8243; shift_y=&#8221;0&#8243; shift_y_down=&#8221;0&#8243; z_index=&#8221;0&#8243; medium_width=&#8221;4&#8243; mobile_width=&#8221;0&#8243; width=&#8221;1\/2&#8243; uncode_shortcode_id=&#8221;211281&#8243;][vc_custom_heading heading_semantic=&#8221;h3&#8243; text_size=&#8221;fontsize-155944&#8243; subheading=&#8221;Missiomme? Vauhdittaa siirtymist\u00e4 kiertotalouteen tarjoamalla alueella toimiville yrityksille vihre\u00e4\u00e4 energiaa, tehokkaita kierr\u00e4tysmahdollisuuksia, TKI-tukea ja p\u00e4\u00e4sy\u00e4 kest\u00e4v\u00e4n kehityksen hankkeisiin. Uusi teollisuuspuisto sijaitsee vain muutaman minuutin matkan p\u00e4\u00e4ss\u00e4 Ylivieskan keskustasta. Alueella toimiville yrityksille t\u00e4m\u00e4 tarkoittaa erinomaisia logistisia mahdollisuuksia juna- ja tieyhteyksien kautta. Markkinat, ty\u00f6voima, alihankkijat ja raaka-aineet ovat n\u00e4in kaikki helposti saavutettavissa.&#8221; uncode_shortcode_id=&#8221;911293&#8243;]Kiertotalous &amp; vihre\u00e4 energia[\/vc_custom_heading][vc_separator sep_color=&#8221;,Default&#8221;][vc_empty_space empty_h=&#8221;2&#8243;][vc_button outline=&#8221;yes&#8221; border_width=&#8221;0&#8243; display=&#8221;inline&#8221; link=&#8221;url:https%3A%2F%2Fgrowylivieska.fi%2Ffi%2Fkasvumahdollisuudet%2Fkiertotalous-vihrea-energia%2F|title:Akku-%20%26amp%3B%20raskas%20teollisuus|&#8221; icon=&#8221;fa fa-external-link&#8221; uncode_shortcode_id=&#8221;210985&#8243;]Lue lis\u00e4\u00e4[\/vc_button][vc_button border_width=&#8221;0&#8243; display=&#8221;inline&#8221; link=&#8221;url:https%3A%2F%2Fylivieska.karttatiimi.fi%2F%3Flink%3D2AbS6D|target:_blank|&#8221; icon=&#8221;fa fa-external-link&#8221; uncode_shortcode_id=&#8221;161813&#8243;]Vapaat tontit (kartta)[\/vc_button][\/vc_column][\/vc_row][vc_row row_height_percent=&#8221;0&#8243; override_padding=&#8221;yes&#8221; h_padding=&#8221;2&#8243; top_padding=&#8221;5&#8243; bottom_padding=&#8221;5&#8243; back_color=&#8221;color-nhtu&#8221; overlay_alpha=&#8221;50&#8243; gutter_size=&#8221;4&#8243; column_width_percent=&#8221;100&#8243; shift_y=&#8221;0&#8243; z_index=&#8221;0&#8243; el_class=&#8221;inverted-device-order&#8221; uncode_shortcode_id=&#8221;176038&#8243; back_color_type=&#8221;uncode-palette&#8221;][vc_column column_width_percent=&#8221;100&#8243; position_horizontal=&#8221;left&#8221; position_vertical=&#8221;middle&#8221; gutter_size=&#8221;3&#8243; style=&#8221;dark&#8221; overlay_alpha=&#8221;50&#8243; shift_x=&#8221;0&#8243; shift_y=&#8221;0&#8243; shift_y_down=&#8221;0&#8243; z_index=&#8221;0&#8243; medium_width=&#8221;4&#8243; mobile_width=&#8221;0&#8243; width=&#8221;1\/2&#8243; uncode_shortcode_id=&#8221;211281&#8243;][vc_custom_heading heading_semantic=&#8221;h3&#8243; text_size=&#8221;fontsize-155944&#8243; subheading=&#8221;Logistiikan ja verkkokaupan toimijoiden tarpeet on huomioitu Junnikankankaalla heti suunnittelup\u00f6yd\u00e4st\u00e4 asti: alueella on paikkavaraus logistiikkaterminaalille omalla suorayhteydell\u00e4 Ouluntien p\u00e4\u00e4v\u00e4yl\u00e4lle. Sijainti Suomen maantieteellisess\u00e4 keskipisteess\u00e4 tarkoittaa tehokasta p\u00e4\u00e4sy\u00e4 kaikkiin maamme kasvukeskuksiin. Osana missiotamme vihre\u00e4n siirtym\u00e4n vauhdittamiseksi, tavoitteenamme on tarjota alueen toimijoille p\u00e4\u00e4sy biokaasuterminaaliin.&#8221; uncode_shortcode_id=&#8221;542411&#8243;]Logistiikka &amp; Verkkokauppa[\/vc_custom_heading][vc_separator sep_color=&#8221;,Default&#8221;][vc_empty_space empty_h=&#8221;2&#8243;][vc_button outline=&#8221;yes&#8221; border_width=&#8221;0&#8243; display=&#8221;inline&#8221; link=&#8221;url:https%3A%2F%2Fgrowylivieska.fi%2Ffi%2Fkasvumahdollisuudet%2Flogistiikka-verkkokauppa%2F|title:Akku-%20%26amp%3B%20raskas%20teollisuus|&#8221; icon=&#8221;fa fa-external-link&#8221; uncode_shortcode_id=&#8221;981703&#8243;]Lue lis\u00e4\u00e4[\/vc_button][vc_button border_width=&#8221;0&#8243; display=&#8221;inline&#8221; link=&#8221;url:https%3A%2F%2Fylivieska.karttatiimi.fi%2F%3Flink%3D2AbS6D|target:_blank|&#8221; icon=&#8221;fa fa-external-link&#8221; uncode_shortcode_id=&#8221;977637&#8243;]Vapaat tontit (kartta)[\/vc_button][\/vc_column][vc_column column_width_percent=&#8221;100&#8243; position_vertical=&#8221;middle&#8221; gutter_size=&#8221;3&#8243; overlay_alpha=&#8221;50&#8243; shift_x=&#8221;0&#8243; shift_y=&#8221;0&#8243; shift_y_down=&#8221;0&#8243; z_index=&#8221;0&#8243; medium_width=&#8221;4&#8243; mobile_width=&#8221;0&#8243; width=&#8221;1\/2&#8243; el_class=&#8221;inverted-device-order&#8221; uncode_shortcode_id=&#8221;130531&#8243;][vc_single_image media=&#8221;131342&#8243; media_width_percent=&#8221;100&#8243; media_ratio=&#8221;one-one&#8221; uncode_shortcode_id=&#8221;163257&#8243;][\/vc_column][\/vc_row][vc_row row_height_percent=&#8221;0&#8243; override_padding=&#8221;yes&#8221; h_padding=&#8221;2&#8243; top_padding=&#8221;5&#8243; bottom_padding=&#8221;5&#8243; back_color=&#8221;color-nhtu&#8221; overlay_alpha=&#8221;50&#8243; gutter_size=&#8221;4&#8243; column_width_percent=&#8221;100&#8243; shift_y=&#8221;0&#8243; z_index=&#8221;0&#8243; content_parallax=&#8221;0&#8243; uncode_shortcode_id=&#8221;121580&#8243; back_color_type=&#8221;uncode-palette&#8221;][vc_column column_width_percent=&#8221;100&#8243; position_vertical=&#8221;middle&#8221; gutter_size=&#8221;3&#8243; overlay_alpha=&#8221;50&#8243; shift_x=&#8221;0&#8243; shift_y=&#8221;0&#8243; shift_y_down=&#8221;0&#8243; z_index=&#8221;0&#8243; medium_width=&#8221;4&#8243; mobile_width=&#8221;0&#8243; width=&#8221;1\/2&#8243; el_class=&#8221;inverted-device-order&#8221; uncode_shortcode_id=&#8221;130531&#8243;][vc_single_image media=&#8221;131344&#8243; media_width_percent=&#8221;100&#8243; media_ratio=&#8221;one-one&#8221; uncode_shortcode_id=&#8221;137620&#8243;][\/vc_column][vc_column column_width_percent=&#8221;100&#8243; position_horizontal=&#8221;left&#8221; position_vertical=&#8221;middle&#8221; gutter_size=&#8221;3&#8243; style=&#8221;dark&#8221; overlay_alpha=&#8221;50&#8243; shift_x=&#8221;0&#8243; shift_y=&#8221;0&#8243; shift_y_down=&#8221;0&#8243; z_index=&#8221;0&#8243; medium_width=&#8221;4&#8243; mobile_width=&#8221;0&#8243; width=&#8221;1\/2&#8243; uncode_shortcode_id=&#8221;211281&#8243;][vc_custom_heading heading_semantic=&#8221;h3&#8243; text_size=&#8221;fontsize-155944&#8243; subheading=&#8221;Junnikankankaan teollisuuspuisto on keskell\u00e4 ainutlaatuita mekaanisen mets\u00e4teollisuuden keskittym\u00e4\u00e4. Alueella toimiva dynaaminen klusteri tarjoaa suuria mahdollisuuksia arvoketjuun hakeutuville yrityksille.<\/p>\n<p>Tehokkaiden tie- ja rautatieyhteyksien ansiosta saat nopean ja luotettavan p\u00e4\u00e4syn raakamateriaalitarjontaan. Junnikankankaalla toimintanne on aina tehokkaiden tie- ja rautatieyhteyksien palvelema.&#8221; uncode_shortcode_id=&#8221;399766&#8243; text_color_type=&#8221;uncode-palette&#8221; text_color_solid=&#8221;#ff0000&#8243;]Mekaaninen mets\u00e4teollisuus[\/vc_custom_heading][vc_separator sep_color=&#8221;,Default&#8221;][vc_empty_space empty_h=&#8221;2&#8243;][vc_button outline=&#8221;yes&#8221; border_width=&#8221;0&#8243; display=&#8221;inline&#8221; link=&#8221;url:https%3A%2F%2Fgrowylivieska.fi%2Ffi%2Fkasvumahdollisuudet%2Fmekaaninen-metsateollisuus%2F|title:Akku-%20%26amp%3B%20raskas%20teollisuus|&#8221; icon=&#8221;fa fa-external-link&#8221; uncode_shortcode_id=&#8221;116332&#8243;]Lue lis\u00e4\u00e4[\/vc_button][vc_button border_width=&#8221;0&#8243; display=&#8221;inline&#8221; link=&#8221;url:https%3A%2F%2Fylivieska.karttatiimi.fi%2F%3Flink%3D2AbS6D|target:_blank|&#8221; icon=&#8221;fa fa-external-link&#8221; uncode_shortcode_id=&#8221;161813&#8243;]Vapaat tontit (kartta)[\/vc_button][\/vc_column][\/vc_row][vc_row][vc_column width=&#8221;1\/1&#8243;][uncode_block id=&#8221;130672&#8243;][\/vc_column][\/vc_row]<\/p>\n<\/div>","protected":false},"excerpt":{"rendered":"<p>[vc_row row_height_percent=&#8221;70&#8243; override_padding=&#8221;yes&#8221; h_padding=&#8221;2&#8243; top_padding=&#8221;5&#8243; bottom_padding=&#8221;4&#8243; back_color=&#8221;color-wayh&#8221; back_image=&#8221;117822&#8243; parallax=&#8221;yes&#8221; overlay_color=&#8221;color-nhtu&#8221; overlay_alpha=&#8221;70&#8243; gutter_size=&#8221;3&#8243; column_width_percent=&#8221;100&#8243; shift_y=&#8221;0&#8243; z_index=&#8221;0&#8243; top_divider=&#8221;gradient&#8221; enable_bottom_divider=&#8221;default&#8221; bottom_divider=&#8221;step_3_4&#8243; shape_bottom_h_use_pixel=&#8221;&#8221; shape_bottom_height=&#8221;54&#8243; [&hellip;]<\/p>\n","protected":false},"author":1,"featured_media":131337,"parent":0,"menu_order":0,"comment_status":"closed","ping_status":"closed","template":"","meta":{"footnotes":""},"class_list":["post-131199","page","type-page","status-publish","has-post-thumbnail","hentry"],"yoast_head":"<!-- This site is optimized with the Yoast SEO plugin v27.5 - https:\/\/yoast.com\/product\/yoast-seo-wordpress\/ -->\n<title>Kasvumahdollisuudet - Grow Ylivieska - Nordic Hub for Green Growth<\/title>\n<meta name=\"robots\" content=\"index, follow, max-snippet:-1, max-image-preview:large, max-video-preview:-1\" \/>\n<link rel=\"canonical\" href=\"https:\/\/growylivieska.fi\/fi\/kasvumahdollisuudet\/\" \/>\n<meta property=\"og:locale\" content=\"fi_FI\" \/>\n<meta property=\"og:type\" content=\"article\" \/>\n<meta property=\"og:title\" content=\"Kasvumahdollisuudet - Grow Ylivieska - Nordic Hub for Green Growth\" \/>\n<meta property=\"og:description\" content=\"[vc_row row_height_percent=&#8221;70&#8243; override_padding=&#8221;yes&#8221; h_padding=&#8221;2&#8243; top_padding=&#8221;5&#8243; bottom_padding=&#8221;4&#8243; back_color=&#8221;color-wayh&#8221; back_image=&#8221;117822&#8243; parallax=&#8221;yes&#8221; overlay_color=&#8221;color-nhtu&#8221; overlay_alpha=&#8221;70&#8243; gutter_size=&#8221;3&#8243; column_width_percent=&#8221;100&#8243; shift_y=&#8221;0&#8243; z_index=&#8221;0&#8243; top_divider=&#8221;gradient&#8221; enable_bottom_divider=&#8221;default&#8221; bottom_divider=&#8221;step_3_4&#8243; shape_bottom_h_use_pixel=&#8221;&#8221; shape_bottom_height=&#8221;54&#8243; [&hellip;]\" \/>\n<meta property=\"og:url\" content=\"https:\/\/growylivieska.fi\/fi\/kasvumahdollisuudet\/\" \/>\n<meta property=\"og:site_name\" content=\"Grow Ylivieska - Nordic Hub for Green Growth\" \/>\n<meta property=\"article:modified_time\" content=\"2025-04-24T06:14:14+00:00\" \/>\n<meta property=\"og:image\" content=\"https:\/\/growylivieska.fi\/wp-content\/uploads\/2025\/04\/Uusikuva2-scaled.jpg\" \/>\n\t<meta property=\"og:image:width\" content=\"2560\" \/>\n\t<meta property=\"og:image:height\" content=\"1440\" \/>\n\t<meta property=\"og:image:type\" content=\"image\/jpeg\" \/>\n<meta name=\"twitter:card\" content=\"summary_large_image\" \/>\n<meta name=\"twitter:label1\" content=\"Arvioitu lukuaika\" \/>\n\t<meta name=\"twitter:data1\" content=\"3 minuuttia\" \/>\n<script type=\"application\/ld+json\" class=\"yoast-schema-graph\">{\"@context\":\"https:\\\/\\\/schema.org\",\"@graph\":[{\"@type\":\"WebPage\",\"@id\":\"https:\\\/\\\/growylivieska.fi\\\/fi\\\/kasvumahdollisuudet\\\/\",\"url\":\"https:\\\/\\\/growylivieska.fi\\\/fi\\\/kasvumahdollisuudet\\\/\",\"name\":\"Kasvumahdollisuudet - Grow Ylivieska - Nordic Hub for Green Growth\",\"isPartOf\":{\"@id\":\"https:\\\/\\\/growylivieska.fi\\\/#website\"},\"primaryImageOfPage\":{\"@id\":\"https:\\\/\\\/growylivieska.fi\\\/fi\\\/kasvumahdollisuudet\\\/#primaryimage\"},\"image\":{\"@id\":\"https:\\\/\\\/growylivieska.fi\\\/fi\\\/kasvumahdollisuudet\\\/#primaryimage\"},\"thumbnailUrl\":\"https:\\\/\\\/growylivieska.fi\\\/wp-content\\\/uploads\\\/2025\\\/04\\\/Uusikuva2-scaled.jpg\",\"datePublished\":\"2023-08-25T12:00:39+00:00\",\"dateModified\":\"2025-04-24T06:14:14+00:00\",\"breadcrumb\":{\"@id\":\"https:\\\/\\\/growylivieska.fi\\\/fi\\\/kasvumahdollisuudet\\\/#breadcrumb\"},\"inLanguage\":\"fi\",\"potentialAction\":[{\"@type\":\"ReadAction\",\"target\":[\"https:\\\/\\\/growylivieska.fi\\\/fi\\\/kasvumahdollisuudet\\\/\"]}]},{\"@type\":\"ImageObject\",\"inLanguage\":\"fi\",\"@id\":\"https:\\\/\\\/growylivieska.fi\\\/fi\\\/kasvumahdollisuudet\\\/#primaryimage\",\"url\":\"https:\\\/\\\/growylivieska.fi\\\/wp-content\\\/uploads\\\/2025\\\/04\\\/Uusikuva2-scaled.jpg\",\"contentUrl\":\"https:\\\/\\\/growylivieska.fi\\\/wp-content\\\/uploads\\\/2025\\\/04\\\/Uusikuva2-scaled.jpg\",\"width\":2560,\"height\":1440},{\"@type\":\"BreadcrumbList\",\"@id\":\"https:\\\/\\\/growylivieska.fi\\\/fi\\\/kasvumahdollisuudet\\\/#breadcrumb\",\"itemListElement\":[{\"@type\":\"ListItem\",\"position\":1,\"name\":\"Etusivu\",\"item\":\"https:\\\/\\\/growylivieska.fi\\\/fi\\\/junnikankankaan-teollisuuspuisto\\\/\"},{\"@type\":\"ListItem\",\"position\":2,\"name\":\"Kasvumahdollisuudet\"}]},{\"@type\":\"WebSite\",\"@id\":\"https:\\\/\\\/growylivieska.fi\\\/#website\",\"url\":\"https:\\\/\\\/growylivieska.fi\\\/\",\"name\":\"Grow Ylivieska - Nordic Hub for Green Growth\",\"description\":\"Unlock Growth in Ylivieska\",\"publisher\":{\"@id\":\"https:\\\/\\\/growylivieska.fi\\\/#organization\"},\"alternateName\":\"growylivieska.fi\",\"potentialAction\":[{\"@type\":\"SearchAction\",\"target\":{\"@type\":\"EntryPoint\",\"urlTemplate\":\"https:\\\/\\\/growylivieska.fi\\\/?s={search_term_string}\"},\"query-input\":{\"@type\":\"PropertyValueSpecification\",\"valueRequired\":true,\"valueName\":\"search_term_string\"}}],\"inLanguage\":\"fi\"},{\"@type\":\"Organization\",\"@id\":\"https:\\\/\\\/growylivieska.fi\\\/#organization\",\"name\":\"Ylivieska\",\"url\":\"https:\\\/\\\/growylivieska.fi\\\/\",\"logo\":{\"@type\":\"ImageObject\",\"inLanguage\":\"fi\",\"@id\":\"https:\\\/\\\/growylivieska.fi\\\/#\\\/schema\\\/logo\\\/image\\\/\",\"url\":\"https:\\\/\\\/growylivieska.fi\\\/wp-content\\\/uploads\\\/2023\\\/09\\\/JK_fav.png\",\"contentUrl\":\"https:\\\/\\\/growylivieska.fi\\\/wp-content\\\/uploads\\\/2023\\\/09\\\/JK_fav.png\",\"width\":600,\"height\":600,\"caption\":\"Ylivieska\"},\"image\":{\"@id\":\"https:\\\/\\\/growylivieska.fi\\\/#\\\/schema\\\/logo\\\/image\\\/\"}}]}<\/script>\n<!-- \/ Yoast SEO plugin. -->","yoast_head_json":{"title":"Kasvumahdollisuudet - Grow Ylivieska - Nordic Hub for Green Growth","robots":{"index":"index","follow":"follow","max-snippet":"max-snippet:-1","max-image-preview":"max-image-preview:large","max-video-preview":"max-video-preview:-1"},"canonical":"https:\/\/growylivieska.fi\/fi\/kasvumahdollisuudet\/","og_locale":"fi_FI","og_type":"article","og_title":"Kasvumahdollisuudet - Grow Ylivieska - Nordic Hub for Green Growth","og_description":"[vc_row row_height_percent=&#8221;70&#8243; override_padding=&#8221;yes&#8221; h_padding=&#8221;2&#8243; top_padding=&#8221;5&#8243; bottom_padding=&#8221;4&#8243; back_color=&#8221;color-wayh&#8221; back_image=&#8221;117822&#8243; parallax=&#8221;yes&#8221; overlay_color=&#8221;color-nhtu&#8221; overlay_alpha=&#8221;70&#8243; gutter_size=&#8221;3&#8243; column_width_percent=&#8221;100&#8243; shift_y=&#8221;0&#8243; z_index=&#8221;0&#8243; top_divider=&#8221;gradient&#8221; enable_bottom_divider=&#8221;default&#8221; bottom_divider=&#8221;step_3_4&#8243; shape_bottom_h_use_pixel=&#8221;&#8221; shape_bottom_height=&#8221;54&#8243; [&hellip;]","og_url":"https:\/\/growylivieska.fi\/fi\/kasvumahdollisuudet\/","og_site_name":"Grow Ylivieska - Nordic Hub for Green Growth","article_modified_time":"2025-04-24T06:14:14+00:00","og_image":[{"width":2560,"height":1440,"url":"https:\/\/growylivieska.fi\/wp-content\/uploads\/2025\/04\/Uusikuva2-scaled.jpg","type":"image\/jpeg"}],"twitter_card":"summary_large_image","twitter_misc":{"Arvioitu lukuaika":"3 minuuttia"},"schema":{"@context":"https:\/\/schema.org","@graph":[{"@type":"WebPage","@id":"https:\/\/growylivieska.fi\/fi\/kasvumahdollisuudet\/","url":"https:\/\/growylivieska.fi\/fi\/kasvumahdollisuudet\/","name":"Kasvumahdollisuudet - Grow Ylivieska - Nordic Hub for Green Growth","isPartOf":{"@id":"https:\/\/growylivieska.fi\/#website"},"primaryImageOfPage":{"@id":"https:\/\/growylivieska.fi\/fi\/kasvumahdollisuudet\/#primaryimage"},"image":{"@id":"https:\/\/growylivieska.fi\/fi\/kasvumahdollisuudet\/#primaryimage"},"thumbnailUrl":"https:\/\/growylivieska.fi\/wp-content\/uploads\/2025\/04\/Uusikuva2-scaled.jpg","datePublished":"2023-08-25T12:00:39+00:00","dateModified":"2025-04-24T06:14:14+00:00","breadcrumb":{"@id":"https:\/\/growylivieska.fi\/fi\/kasvumahdollisuudet\/#breadcrumb"},"inLanguage":"fi","potentialAction":[{"@type":"ReadAction","target":["https:\/\/growylivieska.fi\/fi\/kasvumahdollisuudet\/"]}]},{"@type":"ImageObject","inLanguage":"fi","@id":"https:\/\/growylivieska.fi\/fi\/kasvumahdollisuudet\/#primaryimage","url":"https:\/\/growylivieska.fi\/wp-content\/uploads\/2025\/04\/Uusikuva2-scaled.jpg","contentUrl":"https:\/\/growylivieska.fi\/wp-content\/uploads\/2025\/04\/Uusikuva2-scaled.jpg","width":2560,"height":1440},{"@type":"BreadcrumbList","@id":"https:\/\/growylivieska.fi\/fi\/kasvumahdollisuudet\/#breadcrumb","itemListElement":[{"@type":"ListItem","position":1,"name":"Etusivu","item":"https:\/\/growylivieska.fi\/fi\/junnikankankaan-teollisuuspuisto\/"},{"@type":"ListItem","position":2,"name":"Kasvumahdollisuudet"}]},{"@type":"WebSite","@id":"https:\/\/growylivieska.fi\/#website","url":"https:\/\/growylivieska.fi\/","name":"Grow Ylivieska - Nordic Hub for Green Growth","description":"Unlock Growth in Ylivieska","publisher":{"@id":"https:\/\/growylivieska.fi\/#organization"},"alternateName":"growylivieska.fi","potentialAction":[{"@type":"SearchAction","target":{"@type":"EntryPoint","urlTemplate":"https:\/\/growylivieska.fi\/?s={search_term_string}"},"query-input":{"@type":"PropertyValueSpecification","valueRequired":true,"valueName":"search_term_string"}}],"inLanguage":"fi"},{"@type":"Organization","@id":"https:\/\/growylivieska.fi\/#organization","name":"Ylivieska","url":"https:\/\/growylivieska.fi\/","logo":{"@type":"ImageObject","inLanguage":"fi","@id":"https:\/\/growylivieska.fi\/#\/schema\/logo\/image\/","url":"https:\/\/growylivieska.fi\/wp-content\/uploads\/2023\/09\/JK_fav.png","contentUrl":"https:\/\/growylivieska.fi\/wp-content\/uploads\/2023\/09\/JK_fav.png","width":600,"height":600,"caption":"Ylivieska"},"image":{"@id":"https:\/\/growylivieska.fi\/#\/schema\/logo\/image\/"}}]}},"_links":{"self":[{"href":"https:\/\/growylivieska.fi\/fi\/wp-json\/wp\/v2\/pages\/131199","targetHints":{"allow":["GET"]}}],"collection":[{"href":"https:\/\/growylivieska.fi\/fi\/wp-json\/wp\/v2\/pages"}],"about":[{"href":"https:\/\/growylivieska.fi\/fi\/wp-json\/wp\/v2\/types\/page"}],"author":[{"embeddable":true,"href":"https:\/\/growylivieska.fi\/fi\/wp-json\/wp\/v2\/users\/1"}],"replies":[{"embeddable":true,"href":"https:\/\/growylivieska.fi\/fi\/wp-json\/wp\/v2\/comments?post=131199"}],"version-history":[{"count":14,"href":"https:\/\/growylivieska.fi\/fi\/wp-json\/wp\/v2\/pages\/131199\/revisions"}],"predecessor-version":[{"id":131371,"href":"https:\/\/growylivieska.fi\/fi\/wp-json\/wp\/v2\/pages\/131199\/revisions\/131371"}],"wp:featuredmedia":[{"embeddable":true,"href":"https:\/\/growylivieska.fi\/fi\/wp-json\/wp\/v2\/media\/131337"}],"wp:attachment":[{"href":"https:\/\/growylivieska.fi\/fi\/wp-json\/wp\/v2\/media?parent=131199"}],"curies":[{"name":"wp","href":"https:\/\/api.w.org\/{rel}","templated":true}]}}